{"id":1410,"date":"2023-10-19T09:42:52","date_gmt":"2023-10-19T09:42:52","guid":{"rendered":"https:\/\/reseauavs.com\/?page_id=1410"},"modified":"2023-10-31T17:17:23","modified_gmt":"2023-10-31T17:17:23","slug":"le-reseau-avs","status":"publish","type":"page","link":"https:\/\/dev.reseauavs.com\/?page_id=1410","title":{"rendered":"Le R\u00e9seau AVS"},"content":{"rendered":"\t\t<div data-elementor-type=\"wp-page\" data-elementor-id=\"1410\" class=\"elementor elementor-1410\">\n\t\t\t\t\t\t\t<div class=\"elementor-element elementor-element-6ab3f66 e-flex e-con-boxed e-con e-parent\" data-id=\"6ab3f66\" data-element_type=\"container\" data-settings=\"{&quot;content_width&quot;:&quot;boxed&quot;}\" data-core-v316-plus=\"true\">\n\t\t\t\t\t<div class=\"e-con-inner\">\n\t\t<div class=\"elementor-element elementor-element-2fc973c e-con-full e-flex e-con e-child\" data-id=\"2fc973c\" data-element_type=\"container\" data-settings=\"{&quot;content_width&quot;:&quot;full&quot;}\">\n\t\t\t\t<div class=\"elementor-element elementor-element-723c7924 elementor-widget elementor-widget-text-editor\" data-id=\"723c7924\" data-element_type=\"widget\" data-widget_type=\"text-editor.default\">\n\t\t\t\t<div class=\"elementor-widget-container\">\n\t\t\t<style>\/*! elementor - v3.17.0 - 25-10-2023 *\/\n.elementor-widget-text-editor.elementor-drop-cap-view-stacked .elementor-drop-cap{background-color:#69727d;color:#fff}.elementor-widget-text-editor.elementor-drop-cap-view-framed .elementor-drop-cap{color:#69727d;border:3px solid;background-color:transparent}.elementor-widget-text-editor:not(.elementor-drop-cap-view-default) .elementor-drop-cap{margin-top:8px}.elementor-widget-text-editor:not(.elementor-drop-cap-view-default) .elementor-drop-cap-letter{width:1em;height:1em}.elementor-widget-text-editor .elementor-drop-cap{float:left;text-align:center;line-height:1;font-size:50px}.elementor-widget-text-editor .elementor-drop-cap-letter{display:inline-block}<\/style>\t\t\t\t<p><!-- wp:heading --><\/p>\n<h2><strong>Le R\u00e9seau AVS est une plateforme de commerces mobilis\u00e9s pour l&rsquo;information sur les points de vente des produits certifi\u00e9s AVS sur le territoire national fran\u00e7ais<\/strong><\/h2>\n<p><!-- \/wp:heading --><\/p>\n<p><!-- wp:paragraph --><\/p>\n<p>Depuis plus de trente ans, AVS, sp\u00e9cialis\u00e9e dans la certification halal en France, a d\u00e9velopp\u00e9 une expertise dans le domaine du halal (tra\u00e7abilit\u00e9 rigoureuse de l&rsquo;abattage jusqu&rsquo;\u00e0 la distribution), afin de permettre aux consommateurs de facilement acc\u00e9der \u00e0 des produits carn\u00e9s certifi\u00e9s halal.<\/p>\n<p><!-- \/wp:paragraph --><\/p>\n<p><!-- wp:paragraph --><\/p>\n<p>En revenant aux bases de la d\u00e9finition du halal, AVS a tent\u00e9, depuis sa fondation, de redonner son sens religieux et spirituel \u00e0 la viande consomm\u00e9e. L&rsquo;association a commenc\u00e9 au niveau local, \u00e0 Saint-Denis, puis s&rsquo;est rapidement d\u00e9velopp\u00e9e en \u00cele-de-France, en banlieue parisienne, \u00e0 Lyon, puis a certifi\u00e9 des produits distribu\u00e9s dans toute la France, et m\u00eame au-del\u00e0.&nbsp;<\/p>\n<p><!-- \/wp:paragraph --><\/p>\n<p><!-- wp:paragraph --><\/p>\n<p>Soucieuse de faciliter aux consommateurs l\u2019acc\u00e8s \u00e0 un halal certifi\u00e9, AVS met \u00e0 disposition des boucheries et restaurants qui le souhaitent, un agr\u00e9ment qui informe le consommateur que l\u2019\u00e9tablissement agr\u00e9\u00e9 est un partenaire d\u2019AVS. Un agent AVS se d\u00e9place tous les jours de la semaine, permettant de v\u00e9rifier que la totalit\u00e9 des produits carn\u00e9s dans l&rsquo;\u00e9tablissement sont authentifi\u00e9s. Cet agr\u00e9ment permet surtout d&rsquo;annoncer aux consommateurs musulmans qu&rsquo;il peuvent acheter dans ce commerce <em>les yeux ferm\u00e9s<\/em>.<\/p>\n<p><!-- \/wp:paragraph --><\/p>\n<p><!-- wp:paragraph --><\/p>\n<p>Au fur et \u00e0 mesure du d\u00e9veloppement de ce contr\u00f4le quotidien, un nouveau besoin s&rsquo;est fait sentir, et AVS re\u00e7oit r\u00e9guli\u00e8rement des demandes en ce sens : existe-t-il des boucheries et restaurants agr\u00e9\u00e9s en dehors de Paris et Lyon ? La r\u00e9ponse est non, car le d\u00e9veloppement g\u00e9ographique de la certification a des limites. Mais les \u00e9quipes d&rsquo;AVS, soucieuses de satisfaire le plus grand nombre de consommateurs, ont d\u00e9velopp\u00e9 une nouvelle approche : <em>le R\u00e9seau AVS<\/em>.<\/p>\n<p><!-- \/wp:paragraph --><\/p>\n<p><!-- wp:heading --><\/p>\n<h2><strong>Le R\u00e9seau AVS<\/strong><\/h2>\n<p><!-- \/wp:heading --><\/p>\n<p><!-- wp:paragraph --><\/p>\n<p>Bien que les \u00e9tablissements certifi\u00e9s soient limit\u00e9s \u00e0 Paris et Lyon, en r\u00e9alit\u00e9 les produits certifi\u00e9s AVS sont distribu\u00e9s dans la France enti\u00e8re. Boucheries, restaurants, supermarch\u00e9s, hypermarch\u00e9s, etc : on peut acheter des produits certifi\u00e9s AVS (viande d&rsquo;agneau, de boeuf, de veau, poulets, produits \u00e9labor\u00e9s, saucissons, surgel\u00e9s) dans beaucoup de rayons, sans que les commerces n&rsquo;aient n\u00e9cessairement d&rsquo;agr\u00e9ment AVS. Mais comment trouver ces commerces ? <strong>Lorsque je suis dans un endroit donn\u00e9, comment puis-je trouver la boucherie, le restaurant ou le supermarch\u00e9 le plus proche, o\u00f9 je suis susceptible de trouver de la viande certifi\u00e9e AVS ?<\/strong> C&rsquo;est pour r\u00e9pondre \u00e0 cette question que nous avons lanc\u00e9 le R\u00e9seau AVS, qui r\u00e9pertorie tous les endroits o\u00f9 vous pourrez vous fournir en produits certifi\u00e9s par AVS !&nbsp;<span style=\"text-align: var(--text-align);\">Nous vous solliciterons tr\u00e8s prochainement, vous consommateurs, via une application, \u00e0 nous remonter les points de ventes o\u00f9 vous trouverez des produits certifi\u00e9s AVS.<\/span><\/p>\n<p><!-- \/wp:paragraph --><\/p>\t\t\t\t\t\t<\/div>\n\t\t\t\t<\/div>\n\t\t\t\t<\/div>\n\t\t<div class=\"elementor-element elementor-element-7434026 e-con-full e-flex e-con e-child\" data-id=\"7434026\" data-element_type=\"container\" data-settings=\"{&quot;content_width&quot;:&quot;full&quot;,&quot;background_background&quot;:&quot;classic&quot;}\">\n\t\t\t\t<\/div>\n\t\t\t\t\t<\/div>\n\t\t\t\t<\/div>\n\t\t<div class=\"elementor-element elementor-element-ab7de2a e-flex e-con-boxed e-con e-parent\" data-id=\"ab7de2a\" data-element_type=\"container\" data-settings=\"{&quot;content_width&quot;:&quot;boxed&quot;}\" data-core-v316-plus=\"true\">\n\t\t\t\t\t<div class=\"e-con-inner\">\n\t\t\t\t<div class=\"elementor-element elementor-element-5b3e086 elementor-widget elementor-widget-image\" data-id=\"5b3e086\" data-element_type=\"widget\" data-widget_type=\"image.default\">\n\t\t\t\t<div class=\"elementor-widget-container\">\n\t\t\t<style>\/*! elementor - v3.17.0 - 25-10-2023 *\/\n.elementor-widget-image{text-align:center}.elementor-widget-image a{display:inline-block}.elementor-widget-image a img[src$=\".svg\"]{width:48px}.elementor-widget-image img{vertical-align:middle;display:inline-block}<\/style>\t\t\t\t\t\t\t\t\t\t\t\t<img loading=\"lazy\" decoding=\"async\" width=\"660\" height=\"231\" src=\"https:\/\/dev.reseauavs.com\/wp-content\/uploads\/2023\/10\/Groupe-44.png\" class=\"attachment-large size-large wp-image-1335\" alt=\"\" srcset=\"https:\/\/dev.reseauavs.com\/wp-content\/uploads\/2023\/10\/Groupe-44.png 993w, https:\/\/dev.reseauavs.com\/wp-content\/uploads\/2023\/10\/Groupe-44-600x210.png 600w, https:\/\/dev.reseauavs.com\/wp-content\/uploads\/2023\/10\/Groupe-44-300x105.png 300w, https:\/\/dev.reseauavs.com\/wp-content\/uploads\/2023\/10\/Groupe-44-768x269.png 768w\" sizes=\"auto, (max-width: 660px) 100vw, 660px\" \/>\t\t\t\t\t\t\t\t\t\t\t\t\t\t\t<\/div>\n\t\t\t\t<\/div>\n\t\t\t\t\t<\/div>\n\t\t\t\t<\/div>\n\t\t<div class=\"elementor-element elementor-element-d60a23b e-flex e-con-boxed e-con e-parent\" data-id=\"d60a23b\" data-element_type=\"container\" data-settings=\"{&quot;content_width&quot;:&quot;boxed&quot;}\" data-core-v316-plus=\"true\">\n\t\t\t\t\t<div class=\"e-con-inner\">\n\t\t\t\t<div class=\"elementor-element elementor-element-2f1e71b elementor-widget-divider--view-line elementor-widget elementor-widget-divider\" data-id=\"2f1e71b\" data-element_type=\"widget\" data-widget_type=\"divider.default\">\n\t\t\t\t<div class=\"elementor-widget-container\">\n\t\t\t<style>\/*! elementor - v3.17.0 - 25-10-2023 *\/\n.elementor-widget-divider{--divider-border-style:none;--divider-border-width:1px;--divider-color:#0c0d0e;--divider-icon-size:20px;--divider-element-spacing:10px;--divider-pattern-height:24px;--divider-pattern-size:20px;--divider-pattern-url:none;--divider-pattern-repeat:repeat-x}.elementor-widget-divider .elementor-divider{display:flex}.elementor-widget-divider .elementor-divider__text{font-size:15px;line-height:1;max-width:95%}.elementor-widget-divider .elementor-divider__element{margin:0 var(--divider-element-spacing);flex-shrink:0}.elementor-widget-divider .elementor-icon{font-size:var(--divider-icon-size)}.elementor-widget-divider .elementor-divider-separator{display:flex;margin:0;direction:ltr}.elementor-widget-divider--view-line_icon .elementor-divider-separator,.elementor-widget-divider--view-line_text .elementor-divider-separator{align-items:center}.elementor-widget-divider--view-line_icon .elementor-divider-separator:after,.elementor-widget-divider--view-line_icon .elementor-divider-separator:before,.elementor-widget-divider--view-line_text .elementor-divider-separator:after,.elementor-widget-divider--view-line_text .elementor-divider-separator:before{display:block;content:\"\";border-bottom:0;flex-grow:1;border-top:var(--divider-border-width) var(--divider-border-style) var(--divider-color)}.elementor-widget-divider--element-align-left .elementor-divider .elementor-divider-separator>.elementor-divider__svg:first-of-type{flex-grow:0;flex-shrink:100}.elementor-widget-divider--element-align-left .elementor-divider-separator:before{content:none}.elementor-widget-divider--element-align-left .elementor-divider__element{margin-left:0}.elementor-widget-divider--element-align-right .elementor-divider .elementor-divider-separator>.elementor-divider__svg:last-of-type{flex-grow:0;flex-shrink:100}.elementor-widget-divider--element-align-right .elementor-divider-separator:after{content:none}.elementor-widget-divider--element-align-right .elementor-divider__element{margin-right:0}.elementor-widget-divider:not(.elementor-widget-divider--view-line_text):not(.elementor-widget-divider--view-line_icon) .elementor-divider-separator{border-top:var(--divider-border-width) var(--divider-border-style) var(--divider-color)}.elementor-widget-divider--separator-type-pattern{--divider-border-style:none}.elementor-widget-divider--separator-type-pattern.elementor-widget-divider--view-line .elementor-divider-separator,.elementor-widget-divider--separator-type-pattern:not(.elementor-widget-divider--view-line) .elementor-divider-separator:after,.elementor-widget-divider--separator-type-pattern:not(.elementor-widget-divider--view-line) .elementor-divider-separator:before,.elementor-widget-divider--separator-type-pattern:not([class*=elementor-widget-divider--view]) .elementor-divider-separator{width:100%;min-height:var(--divider-pattern-height);-webkit-mask-size:var(--divider-pattern-size) 100%;mask-size:var(--divider-pattern-size) 100%;-webkit-mask-repeat:var(--divider-pattern-repeat);mask-repeat:var(--divider-pattern-repeat);background-color:var(--divider-color);-webkit-mask-image:var(--divider-pattern-url);mask-image:var(--divider-pattern-url)}.elementor-widget-divider--no-spacing{--divider-pattern-size:auto}.elementor-widget-divider--bg-round{--divider-pattern-repeat:round}.rtl .elementor-widget-divider .elementor-divider__text{direction:rtl}.e-con-inner>.elementor-widget-divider,.e-con>.elementor-widget-divider{width:var(--container-widget-width,100%);--flex-grow:var(--container-widget-flex-grow)}<\/style>\t\t<div class=\"elementor-divider\">\n\t\t\t<span class=\"elementor-divider-separator\">\n\t\t\t\t\t\t<\/span>\n\t\t<\/div>\n\t\t\t\t<\/div>\n\t\t\t\t<\/div>\n\t\t\t\t\t<\/div>\n\t\t\t\t<\/div>\n\t\t<div class=\"elementor-element elementor-element-7a1d085 e-flex e-con-boxed e-con e-parent\" data-id=\"7a1d085\" data-element_type=\"container\" data-settings=\"{&quot;content_width&quot;:&quot;boxed&quot;}\" data-core-v316-plus=\"true\">\n\t\t\t\t\t<div class=\"e-con-inner\">\n\t\t\t\t\t<\/div>\n\t\t\t\t<\/div>\n\t\t\t\t\t\t\t<\/div>\n\t\t","protected":false},"excerpt":{"rendered":"<p>Le R\u00e9seau AVS est une plateforme de commerces mobilis\u00e9s pour l&rsquo;information sur les points de vente des produits certifi\u00e9s AVS sur le territoire national fran\u00e7ais Depuis plus de trente ans, AVS, sp\u00e9cialis\u00e9e dans la certification halal en France, a d\u00e9velopp\u00e9 une expertise dans le domaine du halal (tra\u00e7abilit\u00e9 rigoureuse de l&rsquo;abattage jusqu&rsquo;\u00e0 la distribution), afin [&hellip;]<\/p>\n","protected":false},"author":2,"featured_media":0,"parent":0,"menu_order":0,"comment_status":"closed","ping_status":"closed","template":"","meta":{"footnotes":""},"class_list":["post-1410","page","type-page","status-publish","hentry"],"_links":{"self":[{"href":"https:\/\/dev.reseauavs.com\/index.php?rest_route=\/wp\/v2\/pages\/1410","targetHints":{"allow":["GET"]}}],"collection":[{"href":"https:\/\/dev.reseauavs.com\/index.php?rest_route=\/wp\/v2\/pages"}],"about":[{"href":"https:\/\/dev.reseauavs.com\/index.php?rest_route=\/wp\/v2\/types\/page"}],"author":[{"embeddable":true,"href":"https:\/\/dev.reseauavs.com\/index.php?rest_route=\/wp\/v2\/users\/2"}],"replies":[{"embeddable":true,"href":"https:\/\/dev.reseauavs.com\/index.php?rest_route=%2Fwp%2Fv2%2Fcomments&post=1410"}],"version-history":[{"count":12,"href":"https:\/\/dev.reseauavs.com\/index.php?rest_route=\/wp\/v2\/pages\/1410\/revisions"}],"predecessor-version":[{"id":1805,"href":"https:\/\/dev.reseauavs.com\/index.php?rest_route=\/wp\/v2\/pages\/1410\/revisions\/1805"}],"wp:attachment":[{"href":"https:\/\/dev.reseauavs.com\/index.php?rest_route=%2Fwp%2Fv2%2Fmedia&parent=1410"}],"curies":[{"name":"wp","href":"https:\/\/api.w.org\/{rel}","templated":true}]}}