{"id":246,"date":"2022-03-16T07:35:36","date_gmt":"2022-03-16T07:35:36","guid":{"rendered":"https:\/\/demoapus1.com\/foogra\/?page_id=246"},"modified":"2022-03-16T07:35:36","modified_gmt":"2022-03-16T07:35:36","slug":"submission","status":"publish","type":"page","link":"https:\/\/dev.reseauavs.com\/?page_id=246","title":{"rendered":"Submission"},"content":{"rendered":"\n<div class=\"alert alert-warning not-allow-wrapper\">\n\tVous n'\u00eates pas autoris\u00e9 \u00e0 acc\u00e9der \u00e0 cette page.<\/div><!-- \/.alert -->\n\n","protected":false},"excerpt":{"rendered":"","protected":false},"author":1,"featured_media":0,"parent":0,"menu_order":0,"comment_status":"closed","ping_status":"closed","template":"page-dashboard.php","meta":{"footnotes":""},"class_list":["post-246","page","type-page","status-publish","hentry"],"_links":{"self":[{"href":"https:\/\/dev.reseauavs.com\/index.php?rest_route=\/wp\/v2\/pages\/246","targetHints":{"allow":["GET"]}}],"collection":[{"href":"https:\/\/dev.reseauavs.com\/index.php?rest_route=\/wp\/v2\/pages"}],"about":[{"href":"https:\/\/dev.reseauavs.com\/index.php?rest_route=\/wp\/v2\/types\/page"}],"author":[{"embeddable":true,"href":"https:\/\/dev.reseauavs.com\/index.php?rest_route=\/wp\/v2\/users\/1"}],"replies":[{"embeddable":true,"href":"https:\/\/dev.reseauavs.com\/index.php?rest_route=%2Fwp%2Fv2%2Fcomments&post=246"}],"version-history":[{"count":0,"href":"https:\/\/dev.reseauavs.com\/index.php?rest_route=\/wp\/v2\/pages\/246\/revisions"}],"wp:attachment":[{"href":"https:\/\/dev.reseauavs.com\/index.php?rest_route=%2Fwp%2Fv2%2Fmedia&parent=246"}],"curies":[{"name":"wp","href":"https:\/\/api.w.org\/{rel}","templated":true}]}}